{"id":384,"date":"2023-03-03T17:47:46","date_gmt":"2023-03-03T17:47:46","guid":{"rendered":"https:\/\/plataformacepedaviva.es\/?page_id=384"},"modified":"2023-03-03T17:47:46","modified_gmt":"2023-03-03T17:47:46","slug":"quienes-somos","status":"publish","type":"page","link":"http:\/\/cepedaviva.es\/?page_id=384","title":{"rendered":"Quienes somos"},"content":{"rendered":"\n<p><strong>PLATAFORMA CEPEDA VIVA<\/strong>\u00a0naci\u00f3 como oposici\u00f3n ciudadana a la invasi\u00f3n de macroparques en la comarca de La Cepeda. <\/p>\n\n\n\n<p>No estamos en contra de las energ\u00edas renovables, sino de su uso irresponsable masivo en manos de los pocos de siempre. Renovables s\u00ed, pero no as\u00ed.<\/p>\n\n\n\n<p><strong>Somos una asociaci\u00f3n independiente, sin \u00e1nimo de lucro<\/strong>, compuesta por todas aquellas personas, f\u00edsicas o jur\u00eddicas, que voluntariamente decidan integrarse en la misma para<br>luchar, entre otros, por estos fines:<\/p>\n\n\n\n<p>\ud83c\udf3f Representar y <strong>defender los intereses de la Comarca, ambiental y paisaj\u00edsticamente, de las agresiones que pueda sufrir, contribuyendo a la conservaci\u00f3n y mejora del patrimonio hist\u00f3rico, cultural y natural<\/strong>.<\/p>\n\n\n\n<p>\ud83c\udf3f Estudiar y proponer cuantas medidas se estimen oportunas para la <strong>mejor orientaci\u00f3n, reestructuraci\u00f3n, desarrollo y ordenaci\u00f3n del sector ambiental<\/strong>.<\/p>\n\n\n\n<p>\ud83c\udf3f <strong>Velar por el cumplimiento de la legalidad <\/strong>en los procedimientos de otorgamiento de licencias y permisos de instalaciones que, por sus caracter\u00edsticas,<strong> puedan afectar de manera directa o indirecta al inter\u00e9s p\u00fablico general<\/strong>.<\/p>\n\n\n\n<p>\ud83c\udf3f Contribuir a garantizar un <strong>desarrollo socioecon\u00f3mico sostenible<\/strong> capaz de <strong>satisfacer las necesidades <\/strong>de sus habitantes de forma <strong>responsable<\/strong>.<\/p>\n\n\n\n<p><strong>Si quieres apoyarnos<\/strong> o formar parte puedes contactar con nosotros al correo plataformacepedaviva@gmx.es y al tel\u00e9fono 686 974 090. Si lo contemplas, puedes contribuir con una <a href=\"https:\/\/plataformacepedaviva.es\/donaciones\/\" data-type=\"page\" data-id=\"102\">donaci\u00f3n<\/a> para los costes jur\u00eddicos de defender la tierra. Muchas gracias. <\/p>\n\n\n\n<hr class=\"wp-block-separator has-alpha-channel-opacity\"\/>\n\n\n\n<div data-wp-interactive=\"core\/file\" class=\"wp-block-file\"><object data-wp-bind--hidden=\"!state.hasPdfPreview\" hidden class=\"wp-block-file__embed\" data=\"https:\/\/plataformacepedaviva.es\/wp-content\/uploads\/2023\/03\/TRIPTICO-PLATAFORMA-CEPEDA-VIVA-3-1.pdf\" type=\"application\/pdf\" style=\"width:100%;height:600px\" aria-label=\"Embed of TRIPTICO-PLATAFORMA-CEPEDA-VIVA-3-1.\"><\/object><a id=\"wp-block-file--media-b3ec7e52-f650-44dd-82f7-bb1951ddb092\" href=\"https:\/\/plataformacepedaviva.es\/wp-content\/uploads\/2023\/03\/TRIPTICO-PLATAFORMA-CEPEDA-VIVA-3-1.pdf\">TRIPTICO-PLATAFORMA-CEPEDA-VIVA-3-1<\/a><a href=\"https:\/\/plataformacepedaviva.es\/wp-content\/uploads\/2023\/03\/TRIPTICO-PLATAFORMA-CEPEDA-VIVA-3-1.pdf\" class=\"wp-block-file__button wp-element-button\" download aria-describedby=\"wp-block-file--media-b3ec7e52-f650-44dd-82f7-bb1951ddb092\">Descarga<\/a><\/div>\n","protected":false},"excerpt":{"rendered":"<p>PLATAFORMA CEPEDA VIVA\u00a0naci\u00f3 como oposici\u00f3n ciudadana a la invasi\u00f3n de macroparques en la comarca de La Cepeda. No estamos en contra de las energ\u00edas renovables, sino de su uso irresponsable masivo en manos de los pocos de siempre. Renovables s\u00ed, pero no as\u00ed. Somos una asociaci\u00f3n independiente, sin \u00e1nimo de lucro, compuesta por todas aquellas personas, f\u00edsicas o jur\u00eddicas, que [&hellip;]<\/p>\n","protected":false},"author":3,"featured_media":0,"parent":0,"menu_order":0,"comment_status":"closed","ping_status":"closed","template":"","meta":{"footnotes":""},"class_list":["post-384","page","type-page","status-publish","hentry"],"_links":{"self":[{"href":"http:\/\/cepedaviva.es\/index.php?rest_route=\/wp\/v2\/pages\/384","targetHints":{"allow":["GET"]}}],"collection":[{"href":"http:\/\/cepedaviva.es\/index.php?rest_route=\/wp\/v2\/pages"}],"about":[{"href":"http:\/\/cepedaviva.es\/index.php?rest_route=\/wp\/v2\/types\/page"}],"author":[{"embeddable":true,"href":"http:\/\/cepedaviva.es\/index.php?rest_route=\/wp\/v2\/users\/3"}],"replies":[{"embeddable":true,"href":"http:\/\/cepedaviva.es\/index.php?rest_route=%2Fwp%2Fv2%2Fcomments&post=384"}],"version-history":[{"count":0,"href":"http:\/\/cepedaviva.es\/index.php?rest_route=\/wp\/v2\/pages\/384\/revisions"}],"wp:attachment":[{"href":"http:\/\/cepedaviva.es\/index.php?rest_route=%2Fwp%2Fv2%2Fmedia&parent=384"}],"curies":[{"name":"wp","href":"https:\/\/api.w.org\/{rel}","templated":true}]}}